{"id":7483,"date":"2024-09-18T12:56:18","date_gmt":"2024-09-18T12:56:18","guid":{"rendered":"https:\/\/nuevawebadv.advertis.es\/politica-de-cookies\/"},"modified":"2024-10-29T11:04:45","modified_gmt":"2024-10-29T11:04:45","slug":"politica-de-cookies","status":"publish","type":"page","link":"https:\/\/advertis.es\/ca\/politica-de-cookies\/","title":{"rendered":"Pol\u00edtica de cookies"},"content":{"rendered":"\t\t<div data-elementor-type=\"wp-page\" data-elementor-id=\"7483\" class=\"elementor elementor-7483 elementor-3603\" data-elementor-post-type=\"page\">\n\t\t\t\t<div class=\"elementor-element elementor-element-09b3ef2 e-flex e-con-boxed e-con e-parent\" data-id=\"09b3ef2\" data-element_type=\"container\" data-settings=\"{&quot;background_background&quot;:&quot;classic&quot;}\">\n\t\t\t\t\t<div class=\"e-con-inner\">\n\t\t<div class=\"elementor-element elementor-element-02126dd e-con-full e-flex e-con e-child\" data-id=\"02126dd\" data-element_type=\"container\">\n\t\t\t\t<div class=\"elementor-element elementor-element-f81eda3 elementor-widget elementor-widget-heading\" data-id=\"f81eda3\" data-element_type=\"widget\" data-widget_type=\"heading.default\">\n\t\t\t\t<div class=\"elementor-widget-container\">\n\t\t\t\t\t<span class=\"elementor-heading-title elementor-size-default\">Pol\u00edtica de cookies<\/span>\t\t\t\t<\/div>\n\t\t\t\t<\/div>\n\t\t\t\t<\/div>\n\t\t\t\t\t<\/div>\n\t\t\t\t<\/div>\n\t\t<div class=\"elementor-element elementor-element-bf97520 e-con-full e-flex e-con e-parent\" data-id=\"bf97520\" data-element_type=\"container\" data-settings=\"{&quot;background_background&quot;:&quot;classic&quot;}\">\n\t\t<div class=\"elementor-element elementor-element-79a12f21 e-con-full e-flex e-con e-child\" data-id=\"79a12f21\" data-element_type=\"container\">\n\t\t<div class=\"elementor-element elementor-element-2f971b81 e-con-full e-flex e-con e-child\" data-id=\"2f971b81\" data-element_type=\"container\">\n\t\t\t\t<div class=\"elementor-element elementor-element-325b350c elementor-widget elementor-widget-text-editor\" data-id=\"325b350c\" data-element_type=\"widget\" data-widget_type=\"text-editor.default\">\n\t\t\t\t<div class=\"elementor-widget-container\">\n\t\t\t\t\t\t\t\t\t<p>L&#8217;acc\u00e9s a aquest Lloc Web pot implicar la utilitzaci\u00f3 de cookies i requereix l&#8217;acceptaci\u00f3 de la pol\u00edtica de cookies. Les galetes s\u00f3n petites quantitats d&#8217;informaci\u00f3 que s&#8217;emmagatzemen al navegador utilitzat per cada usuari perqu\u00e8 el servidor recordi certa informaci\u00f3 que posteriorment \u00fanicament el servidor que la va implementar llegir\u00e0. Les galetes tenen, generalment, una durada limitada en el temps. Cap galeta d&#8217;aquest Lloc Web permet que us pugueu contactar amb el n\u00famero de tel\u00e8fon de l&#8217;Usuari, la vostra adre\u00e7a de correu electr\u00f2nic o amb qualsevol altre mitj\u00e0 de contacte. Cap galeta d&#8217;aquest Lloc Web no pot extreure informaci\u00f3 del disc dur de l&#8217;Usuari o emmagatzemar dades personals. L&#8217;\u00fanica manera, en aquest Lloc Web, que la informaci\u00f3 privada d&#8217;un Usuari formi part del fitxer galeta \u00e9s que l&#8217;Usuari doni personalment aquesta informaci\u00f3 al servidor.     <\/p>\n<p>En particular, la nostra pol\u00edtica de cookies indica que el nostre Lloc Web utilitza les seg\u00fcents:<\/p>\n<h3>Cookies utilitzades<\/h3>\n<div class=\"cky-audit-table-element\"> <\/div>\n<h3>Com deshabilitar les galetes?<\/h3>\n<p>Normalment \u00e9s possible deixar d&#8217;acceptar l&#8217;\u00fas de galetes del navegador, o deixar d&#8217;acceptar les galetes d&#8217;un servei.<\/p>\n<p>Tots els navegadors moderns permeten canviar la configuraci\u00f3 de galetes. Aquests par\u00e0metres normalment es troben a les &#8216;opcions&#8217; o &#8216;Prefer\u00e8ncies&#8217; del men\u00fa del vostre navegador. Aix\u00ed mateix, podeu configurar el vostre navegador o el vostre gestor de correu electr\u00f2nic, aix\u00ed com instal\u00b7lar complements gratu\u00efts per evitar que es descarreguin els Web Bugs en obrir un email. Aquests s\u00f3n els passos que heu de seguir per accedir a la configuraci\u00f3 de les cookies, i si fos necessari, de la navegaci\u00f3 privada a prinicpals navegadors:   <\/p>\n<p><strong>Internet Explorer:<\/strong><br \/> Eines -&gt; Opcions d&#8217;Internet -&gt; Privadesa -&gt; Configuraci\u00f3.<br \/> Per a m\u00e9s informaci\u00f3, podeu consultar el <a href=\"http:\/\/windows.microsoft.com\/es-ES\/windows\/support\" target=\"_blank\" rel=\"noopener\">suport de Microsoft<\/a> o l&#8217;Ajuda del navegador.<\/p>\n<p><strong>Firefox:<\/strong><br \/> Eines -&gt; Opcions -&gt; Privadesa -&gt; Historial -&gt; Configuraci\u00f3 Personalitzada.<br \/> Per a m\u00e9s informaci\u00f3, podeu consultar el <a href=\"http:\/\/support.mozilla.org\/es\/home\" target=\"_blank\" rel=\"noopener\">suport de Mozilla<\/a> o l&#8217;Ajuda del navegador.<\/p>\n<p><strong>Chrome:<\/strong><br \/> Configuraci\u00f3 -&gt; Mostrar opcions avan\u00e7ades -&gt; Privadesa -&gt; Configuraci\u00f3 de contingut.<br \/> Per a m\u00e9s informaci\u00f3, podeu consultar el <a href=\"http:\/\/support.google.com\/chrome\/?hl=es\" target=\"_blank\" rel=\"noopener\">suport de Google<\/a> o l&#8217;Ajuda del navegador.<\/p>\n<p><strong>Safari:<\/strong><br \/> Prefer\u00e8ncies -&gt; Seguretat.<br \/> Per a m\u00e9s informaci\u00f3, podeu consultar el <a href=\"http:\/\/www.apple.com\/es\/support\/safari\/\" target=\"_blank\" rel=\"noopener\">suport d&#8217;Apple<\/a> o l&#8217;Ajuda del navegador.<\/p>\n<p>Moltes gr\u00e0cies per acceptar la nostra pol\u00edtica de galetes. Us recomanem que llegiu el nostre <a href=\"https:\/\/advertis.es\/aviso-legal\/\">av\u00eds legal<\/a> i la <a href=\"https:\/\/advertis.es\/ca\/politica-de-privacitat\/\">pol\u00edtica de privadesa<\/a> . <\/p>\n\t\t\t\t\t\t\t\t<\/div>\n\t\t\t\t<\/div>\n\t\t\t\t<\/div>\n\t\t\t\t<\/div>\n\t\t\t\t<\/div>\n\t\t\t\t<\/div>\n\t\t","protected":false},"excerpt":{"rendered":"<p>Pol\u00edtica de cookies L&#8217;acc\u00e9s a aquest Lloc Web pot implicar la utilitzaci\u00f3 de cookies i requereix l&#8217;acceptaci\u00f3 de la pol\u00edtica de cookies. Les galetes s\u00f3n petites quantitats d&#8217;informaci\u00f3 que s&#8217;emmagatzemen al navegador utilitzat per cada usuari perqu\u00e8 el servidor recordi certa informaci\u00f3 que posteriorment \u00fanicament el servidor que la va implementar llegir\u00e0. Les galetes tenen, [&hellip;]<\/p>\n","protected":false},"author":1,"featured_media":0,"parent":0,"menu_order":0,"comment_status":"closed","ping_status":"closed","template":"","meta":{"_acf_changed":false,"footnotes":""},"class_list":["post-7483","page","type-page","status-publish","hentry"],"acf":[],"yoast_head":"<!-- This site is optimized with the Yoast SEO plugin v24.2 - https:\/\/yoast.com\/wordpress\/plugins\/seo\/ -->\n<title>Pol\u00edtica de cookies<\/title>\n<meta name=\"description\" content=\"Pol\u00edtica de galetes de l&#039;ag\u00e8ncia digital ADVERTIS. Les nostres galetes anal\u00edtiques i socials. Ag\u00e8ncia de m\u00e0rqueting digital de Barcelona.\" \/>\n<meta name=\"robots\" content=\"noindex, nofollow\" \/>\n<meta property=\"og:locale\" content=\"ca_ES\" \/>\n<meta property=\"og:type\" content=\"article\" \/>\n<meta property=\"og:title\" content=\"Pol\u00edtica de cookies\" \/>\n<meta property=\"og:description\" content=\"Pol\u00edtica de galetes de l&#039;ag\u00e8ncia digital ADVERTIS. Les nostres galetes anal\u00edtiques i socials. Ag\u00e8ncia de m\u00e0rqueting digital de Barcelona.\" \/>\n<meta property=\"og:url\" content=\"https:\/\/advertis.es\/ca\/politica-de-cookies\/\" \/>\n<meta property=\"og:site_name\" content=\"Advertis\" \/>\n<meta property=\"article:publisher\" content=\"https:\/\/www.facebook.com\/advertispublicidad?ref=hl\" \/>\n<meta property=\"article:modified_time\" content=\"2024-10-29T11:04:45+00:00\" \/>\n<meta name=\"twitter:card\" content=\"summary_large_image\" \/>\n<meta name=\"twitter:site\" content=\"@advertisglobal\" \/>\n<script type=\"application\/ld+json\" class=\"yoast-schema-graph\">{\"@context\":\"https:\/\/schema.org\",\"@graph\":[{\"@type\":\"WebPage\",\"@id\":\"https:\/\/advertis.es\/ca\/politica-de-cookies\/\",\"url\":\"https:\/\/advertis.es\/ca\/politica-de-cookies\/\",\"name\":\"Pol\u00edtica de cookies\",\"isPartOf\":{\"@id\":\"https:\/\/advertis.es\/ca\/#website\"},\"datePublished\":\"2024-09-18T12:56:18+00:00\",\"dateModified\":\"2024-10-29T11:04:45+00:00\",\"description\":\"Pol\u00edtica de galetes de l'ag\u00e8ncia digital ADVERTIS. Les nostres galetes anal\u00edtiques i socials. Ag\u00e8ncia de m\u00e0rqueting digital de Barcelona.\",\"breadcrumb\":{\"@id\":\"https:\/\/advertis.es\/ca\/politica-de-cookies\/#breadcrumb\"},\"inLanguage\":\"ca\",\"potentialAction\":[{\"@type\":\"ReadAction\",\"target\":[\"https:\/\/advertis.es\/ca\/politica-de-cookies\/\"]}]},{\"@type\":\"BreadcrumbList\",\"@id\":\"https:\/\/advertis.es\/ca\/politica-de-cookies\/#breadcrumb\",\"itemListElement\":[{\"@type\":\"ListItem\",\"position\":1,\"name\":\"Portada\",\"item\":\"https:\/\/advertis.es\/ca\/\"},{\"@type\":\"ListItem\",\"position\":2,\"name\":\"Pol\u00edtica de cookies\"}]},{\"@type\":\"WebSite\",\"@id\":\"https:\/\/advertis.es\/ca\/#website\",\"url\":\"https:\/\/advertis.es\/ca\/\",\"name\":\"Advertis\",\"description\":\"\",\"publisher\":{\"@id\":\"https:\/\/advertis.es\/ca\/#organization\"},\"potentialAction\":[{\"@type\":\"SearchAction\",\"target\":{\"@type\":\"EntryPoint\",\"urlTemplate\":\"https:\/\/advertis.es\/ca\/?s={search_term_string}\"},\"query-input\":{\"@type\":\"PropertyValueSpecification\",\"valueRequired\":true,\"valueName\":\"search_term_string\"}}],\"inLanguage\":\"ca\"},{\"@type\":\"Organization\",\"@id\":\"https:\/\/advertis.es\/ca\/#organization\",\"name\":\"Advertis Global SL\",\"alternateName\":\"Advertis\",\"url\":\"https:\/\/advertis.es\/ca\/\",\"logo\":{\"@type\":\"ImageObject\",\"inLanguage\":\"ca\",\"@id\":\"https:\/\/advertis.es\/ca\/#\/schema\/logo\/image\/\",\"url\":\"https:\/\/advertis.es\/wp-content\/uploads\/Group-9.svg\",\"contentUrl\":\"https:\/\/advertis.es\/wp-content\/uploads\/Group-9.svg\",\"width\":300,\"height\":44,\"caption\":\"Advertis Global SL\"},\"image\":{\"@id\":\"https:\/\/advertis.es\/ca\/#\/schema\/logo\/image\/\"},\"sameAs\":[\"https:\/\/www.facebook.com\/advertispublicidad?ref=hl\",\"https:\/\/x.com\/advertisglobal\",\"https:\/\/www.linkedin.com\/company\/advertis\"]}]}<\/script>\n<!-- \/ Yoast SEO plugin. -->","yoast_head_json":{"title":"Pol\u00edtica de cookies","description":"Pol\u00edtica de galetes de l'ag\u00e8ncia digital ADVERTIS. Les nostres galetes anal\u00edtiques i socials. Ag\u00e8ncia de m\u00e0rqueting digital de Barcelona.","robots":{"index":"noindex","follow":"nofollow"},"og_locale":"ca_ES","og_type":"article","og_title":"Pol\u00edtica de cookies","og_description":"Pol\u00edtica de galetes de l'ag\u00e8ncia digital ADVERTIS. Les nostres galetes anal\u00edtiques i socials. Ag\u00e8ncia de m\u00e0rqueting digital de Barcelona.","og_url":"https:\/\/advertis.es\/ca\/politica-de-cookies\/","og_site_name":"Advertis","article_publisher":"https:\/\/www.facebook.com\/advertispublicidad?ref=hl","article_modified_time":"2024-10-29T11:04:45+00:00","twitter_card":"summary_large_image","twitter_site":"@advertisglobal","schema":{"@context":"https:\/\/schema.org","@graph":[{"@type":"WebPage","@id":"https:\/\/advertis.es\/ca\/politica-de-cookies\/","url":"https:\/\/advertis.es\/ca\/politica-de-cookies\/","name":"Pol\u00edtica de cookies","isPartOf":{"@id":"https:\/\/advertis.es\/ca\/#website"},"datePublished":"2024-09-18T12:56:18+00:00","dateModified":"2024-10-29T11:04:45+00:00","description":"Pol\u00edtica de galetes de l'ag\u00e8ncia digital ADVERTIS. Les nostres galetes anal\u00edtiques i socials. Ag\u00e8ncia de m\u00e0rqueting digital de Barcelona.","breadcrumb":{"@id":"https:\/\/advertis.es\/ca\/politica-de-cookies\/#breadcrumb"},"inLanguage":"ca","potentialAction":[{"@type":"ReadAction","target":["https:\/\/advertis.es\/ca\/politica-de-cookies\/"]}]},{"@type":"BreadcrumbList","@id":"https:\/\/advertis.es\/ca\/politica-de-cookies\/#breadcrumb","itemListElement":[{"@type":"ListItem","position":1,"name":"Portada","item":"https:\/\/advertis.es\/ca\/"},{"@type":"ListItem","position":2,"name":"Pol\u00edtica de cookies"}]},{"@type":"WebSite","@id":"https:\/\/advertis.es\/ca\/#website","url":"https:\/\/advertis.es\/ca\/","name":"Advertis","description":"","publisher":{"@id":"https:\/\/advertis.es\/ca\/#organization"},"potentialAction":[{"@type":"SearchAction","target":{"@type":"EntryPoint","urlTemplate":"https:\/\/advertis.es\/ca\/?s={search_term_string}"},"query-input":{"@type":"PropertyValueSpecification","valueRequired":true,"valueName":"search_term_string"}}],"inLanguage":"ca"},{"@type":"Organization","@id":"https:\/\/advertis.es\/ca\/#organization","name":"Advertis Global SL","alternateName":"Advertis","url":"https:\/\/advertis.es\/ca\/","logo":{"@type":"ImageObject","inLanguage":"ca","@id":"https:\/\/advertis.es\/ca\/#\/schema\/logo\/image\/","url":"https:\/\/advertis.es\/wp-content\/uploads\/Group-9.svg","contentUrl":"https:\/\/advertis.es\/wp-content\/uploads\/Group-9.svg","width":300,"height":44,"caption":"Advertis Global SL"},"image":{"@id":"https:\/\/advertis.es\/ca\/#\/schema\/logo\/image\/"},"sameAs":["https:\/\/www.facebook.com\/advertispublicidad?ref=hl","https:\/\/x.com\/advertisglobal","https:\/\/www.linkedin.com\/company\/advertis"]}]}},"_links":{"self":[{"href":"https:\/\/advertis.es\/ca\/wp-json\/wp\/v2\/pages\/7483","targetHints":{"allow":["GET"]}}],"collection":[{"href":"https:\/\/advertis.es\/ca\/wp-json\/wp\/v2\/pages"}],"about":[{"href":"https:\/\/advertis.es\/ca\/wp-json\/wp\/v2\/types\/page"}],"author":[{"embeddable":true,"href":"https:\/\/advertis.es\/ca\/wp-json\/wp\/v2\/users\/1"}],"replies":[{"embeddable":true,"href":"https:\/\/advertis.es\/ca\/wp-json\/wp\/v2\/comments?post=7483"}],"version-history":[{"count":3,"href":"https:\/\/advertis.es\/ca\/wp-json\/wp\/v2\/pages\/7483\/revisions"}],"predecessor-version":[{"id":9753,"href":"https:\/\/advertis.es\/ca\/wp-json\/wp\/v2\/pages\/7483\/revisions\/9753"}],"wp:attachment":[{"href":"https:\/\/advertis.es\/ca\/wp-json\/wp\/v2\/media?parent=7483"}],"curies":[{"name":"wp","href":"https:\/\/api.w.org\/{rel}","templated":true}]}}