{"id":10117,"date":"2024-10-15T13:49:05","date_gmt":"2024-10-15T13:49:05","guid":{"rendered":"https:\/\/advertis.es\/uneix-te-amb-nosaltres\/"},"modified":"2024-11-11T15:48:10","modified_gmt":"2024-11-11T15:48:10","slug":"uneix-te-amb-nosaltres","status":"publish","type":"page","link":"https:\/\/advertis.es\/ca\/uneix-te-amb-nosaltres\/","title":{"rendered":"Uneix-te amb nosaltres"},"content":{"rendered":"\t\t<div data-elementor-type=\"wp-page\" data-elementor-id=\"10117\" class=\"elementor elementor-10117 elementor-10105\" data-elementor-post-type=\"page\">\n\t\t\t\t<div class=\"elementor-element elementor-element-6072d6ed e-con-full heading-lineas e-flex e-con e-parent\" data-id=\"6072d6ed\" data-element_type=\"container\">\n\t\t<div class=\"elementor-element elementor-element-7e62e54 heading-lineas e-flex e-con-boxed e-con e-child\" data-id=\"7e62e54\" data-element_type=\"container\">\n\t\t\t\t\t<div class=\"e-con-inner\">\n\t\t\t\t<div class=\"elementor-element elementor-element-bfddf9f elementor-widget__width-initial elementor-widget elementor-widget-heading\" data-id=\"bfddf9f\" data-element_type=\"widget\" data-widget_type=\"heading.default\">\n\t\t\t\t<div class=\"elementor-widget-container\">\n\t\t\t\t\t<h3 class=\"elementor-heading-title elementor-size-default\">Vols treballar a una ag\u00e8ncia digital din\u00e0mica?\n<\/h3>\t\t\t\t<\/div>\n\t\t\t\t<\/div>\n\t\t\t\t\t<\/div>\n\t\t\t\t<\/div>\n\t\t\t\t<\/div>\n\t\t<div class=\"elementor-element elementor-element-35d14a04 e-con-full e-flex e-con e-parent\" data-id=\"35d14a04\" data-element_type=\"container\" data-settings=\"{&quot;background_background&quot;:&quot;classic&quot;}\">\n\t\t<div class=\"elementor-element elementor-element-55de16f7 e-con-full e-flex e-con e-child\" data-id=\"55de16f7\" data-element_type=\"container\">\n\t\t\t\t<div class=\"elementor-element elementor-element-23738cb7 elementor-widget elementor-widget-heading\" data-id=\"23738cb7\" data-element_type=\"widget\" data-widget_type=\"heading.default\">\n\t\t\t\t<div class=\"elementor-widget-container\">\n\t\t\t\t\t<h2 class=\"elementor-heading-title elementor-size-default\">Si vols treballar amb nosaltres pots deixar les teves dades al seg\u00fcent formulari.<\/h2>\t\t\t\t<\/div>\n\t\t\t\t<\/div>\n\t\t\t\t<div class=\"elementor-element elementor-element-146bf8a4 elementor-widget elementor-widget-text-editor\" data-id=\"146bf8a4\" data-element_type=\"widget\" data-widget_type=\"text-editor.default\">\n\t\t\t\t<div class=\"elementor-widget-container\">\n\t\t\t\t\t\t\t\t\t<h3>Tindrem <strong>en compte la teva candidatura<\/strong> per a futures posicions.<\/h3>\t\t\t\t\t\t\t\t<\/div>\n\t\t\t\t<\/div>\n\t\t\t\t<div class=\"elementor-element elementor-element-6d56833b elementor-widget elementor-widget-heading\" data-id=\"6d56833b\" data-element_type=\"widget\" data-widget_type=\"heading.default\">\n\t\t\t\t<div class=\"elementor-widget-container\">\n\t\t\t\t\t<h4 class=\"elementor-heading-title elementor-size-default\">Trieu l'\u00e0rea que m\u00e9s s'adapta a les vostres habilitats.<\/h4>\t\t\t\t<\/div>\n\t\t\t\t<\/div>\n\t\t\t\t<div class=\"elementor-element elementor-element-69746f96 elementor-widget elementor-widget-text-editor\" data-id=\"69746f96\" data-element_type=\"widget\" data-widget_type=\"text-editor.default\">\n\t\t\t\t<div class=\"elementor-widget-container\">\n\t\t\t\t\t\t\t\t\t<p>La informaci\u00f3 que ens facilites ser\u00e0 tractada de forma confidencial i nom\u00e9s s&#8217;utilitzar\u00e0 per a vacants de treball futures que es puguin produir a l&#8217;ag\u00e8ncia.<\/p>\n<p>Les dades obtingudes no se cediran ni a empreses del grup ni a tercers.<\/p>\n\t\t\t\t\t\t\t\t<\/div>\n\t\t\t\t<\/div>\n\t\t\t\t<\/div>\n\t\t<div class=\"elementor-element elementor-element-6f01ea4e e-con-full e-flex e-con e-child\" data-id=\"6f01ea4e\" data-element_type=\"container\">\n\t\t\t\t<div class=\"elementor-element elementor-element-30a95496 elementor-button-align-start form-adv elementor-widget elementor-widget-form\" data-id=\"30a95496\" data-element_type=\"widget\" data-settings=\"{&quot;button_width&quot;:&quot;100&quot;,&quot;step_type&quot;:&quot;number_text&quot;,&quot;step_icon_shape&quot;:&quot;circle&quot;}\" data-widget_type=\"form.default\">\n\t\t\t\t<div class=\"elementor-widget-container\">\n\t\t\t\t\t\t\t<form class=\"elementor-form\" method=\"post\" name=\"Formulari nou\">\n\t\t\t<input type=\"hidden\" name=\"post_id\" value=\"10117\"\/>\n\t\t\t<input type=\"hidden\" name=\"form_id\" value=\"30a95496\"\/>\n\t\t\t<input type=\"hidden\" name=\"referer_title\" value=\"Uneix-te amb nosaltres\" \/>\n\n\t\t\t\t\t\t\t<input type=\"hidden\" name=\"queried_id\" value=\"10117\"\/>\n\t\t\t\n\t\t\t<div class=\"elementor-form-fields-wrapper elementor-labels-above\">\n\t\t\t\t\t\t\t\t<div class=\"elementor-field-type-text elementor-field-group elementor-column elementor-field-group-name elementor-col-100\">\n\t\t\t\t\t\t\t\t\t\t\t\t\t<input size=\"1\" type=\"text\" name=\"form_fields[name]\" id=\"form-field-name\" class=\"elementor-field elementor-size-sm  elementor-field-textual\" placeholder=\"Nom *\">\n\t\t\t\t\t\t\t\t\t\t\t<\/div>\n\t\t\t\t\t\t\t\t<div class=\"elementor-field-type-email elementor-field-group elementor-column elementor-field-group-field_652c369 elementor-col-100 elementor-field-required\">\n\t\t\t\t\t\t\t\t\t\t\t\t\t<input size=\"1\" type=\"email\" name=\"form_fields[field_652c369]\" id=\"form-field-field_652c369\" class=\"elementor-field elementor-size-sm  elementor-field-textual\" placeholder=\"Email *\" required=\"required\" aria-required=\"true\">\n\t\t\t\t\t\t\t\t\t\t\t<\/div>\n\t\t\t\t\t\t\t\t<div class=\"elementor-field-type-tel elementor-field-group elementor-column elementor-field-group-field_2961467 elementor-col-100 elementor-field-required\">\n\t\t\t\t\t\t\t<input size=\"1\" type=\"tel\" name=\"form_fields[field_2961467]\" id=\"form-field-field_2961467\" class=\"elementor-field elementor-size-sm  elementor-field-textual\" placeholder=\"Tel\u00e8fon *\" required=\"required\" aria-required=\"true\" pattern=\"[0-9()#&amp;+*-=.]+\" title=\"Only numbers and phone characters (#, -, *, etc) are accepted.\">\n\n\t\t\t\t\t\t<\/div>\n\t\t\t\t\t\t\t\t<div class=\"elementor-field-type-upload elementor-field-group elementor-column elementor-field-group-email elementor-col-100 elementor-field-required\">\n\t\t\t\t\t\t\t\t\t\t\t\t<label for=\"form-field-email\" class=\"elementor-field-label\">\n\t\t\t\t\t\t\t\tAdjuntar Curr\u00edculum Vitae\t\t\t\t\t\t\t<\/label>\n\t\t\t\t\t\t\t\t<input type=\"file\" name=\"form_fields[email]\" id=\"form-field-email\" class=\"elementor-field elementor-size-sm  elementor-upload-field\" required=\"required\" aria-required=\"true\" data-maxsize=\"1\" data-maxsize-message=\"This file exceeds the maximum allowed size.\">\n\n\t\t\t\t\t\t<\/div>\n\t\t\t\t\t\t\t\t<div class=\"elementor-field-type-html elementor-field-group elementor-column elementor-field-group-field_1080490 elementor-col-100\">\n\t\t\t\t\t<p style=\"font-size:14px;\">Fitxer PDF inferior a 1 mb de mida.<\/p>\t\t\t\t<\/div>\n\t\t\t\t\t\t\t\t<div class=\"elementor-field-type-select elementor-field-group elementor-column elementor-field-group-field_888188c elementor-col-100 elementor-field-required\">\n\t\t\t\t\t\t\t\t\t\t\t\t<label for=\"form-field-field_888188c\" class=\"elementor-field-label\">\n\t\t\t\t\t\t\t\t\u00c0rea \u00f2ptima\t\t\t\t\t\t\t<\/label>\n\t\t\t\t\t\t\t\t<div class=\"elementor-field elementor-select-wrapper remove-before \">\n\t\t\t<div class=\"select-caret-down-wrapper\">\n\t\t\t\t<svg aria-hidden=\"true\" class=\"e-font-icon-svg e-eicon-caret-down\" viewBox=\"0 0 571.4 571.4\" xmlns=\"http:\/\/www.w3.org\/2000\/svg\"><path d=\"M571 393Q571 407 561 418L311 668Q300 679 286 679T261 668L11 418Q0 407 0 393T11 368 36 357H536Q550 357 561 368T571 393Z\"><\/path><\/svg>\t\t\t<\/div>\n\t\t\t<select name=\"form_fields[field_888188c]\" id=\"form-field-field_888188c\" class=\"elementor-field-textual elementor-size-sm\" required=\"required\" aria-required=\"true\">\n\t\t\t\t\t\t\t\t\t<option value=\"SEO Specialis\">SEO Specialist<\/option>\n\t\t\t\t\t\t\t\t\t<option value=\"Community Manager\">Community Manager<\/option>\n\t\t\t\t\t\t\t\t\t<option value=\"Content Specialist\">Content Specialist<\/option>\n\t\t\t\t\t\t\t\t\t<option value=\"Trafficker\">Trafficker<\/option>\n\t\t\t\t\t\t\t\t\t<option value=\"Data Analyst\">Data Analyst<\/option>\n\t\t\t\t\t\t\t\t\t<option value=\"UX\/UI Specialist\">UX\/UI Specialist<\/option>\n\t\t\t\t\t\t\t\t\t<option value=\"Web Developer\">Web Developer<\/option>\n\t\t\t\t\t\t\t\t\t<option value=\"Project Manager\">Project Manager<\/option>\n\t\t\t\t\t\t\t<\/select>\n\t\t<\/div>\n\t\t\t\t\t\t<\/div>\n\t\t\t\t\t\t\t\t<div class=\"elementor-field-type-select elementor-field-group elementor-column elementor-field-group-field_8298803 elementor-col-100 elementor-field-required\">\n\t\t\t\t\t\t\t\t\t\t\t\t<label for=\"form-field-field_8298803\" class=\"elementor-field-label\">\n\t\t\t\t\t\t\t\tExperi\u00e8ncia\t\t\t\t\t\t\t<\/label>\n\t\t\t\t\t\t\t\t<div class=\"elementor-field elementor-select-wrapper remove-before \">\n\t\t\t<div class=\"select-caret-down-wrapper\">\n\t\t\t\t<svg aria-hidden=\"true\" class=\"e-font-icon-svg e-eicon-caret-down\" viewBox=\"0 0 571.4 571.4\" xmlns=\"http:\/\/www.w3.org\/2000\/svg\"><path d=\"M571 393Q571 407 561 418L311 668Q300 679 286 679T261 668L11 418Q0 407 0 393T11 368 36 357H536Q550 357 561 368T571 393Z\"><\/path><\/svg>\t\t\t<\/div>\n\t\t\t<select name=\"form_fields[field_8298803]\" id=\"form-field-field_8298803\" class=\"elementor-field-textual elementor-size-sm\" required=\"required\" aria-required=\"true\">\n\t\t\t\t\t\t\t\t\t<option value=\"Trainee\">Trainee<\/option>\n\t\t\t\t\t\t\t\t\t<option value=\"Junior\">Junior<\/option>\n\t\t\t\t\t\t\t\t\t<option value=\"Senior\">Senior<\/option>\n\t\t\t\t\t\t\t\t\t<option value=\"Leader\">Leader<\/option>\n\t\t\t\t\t\t\t<\/select>\n\t\t<\/div>\n\t\t\t\t\t\t<\/div>\n\t\t\t\t\t\t\t\t<div class=\"elementor-field-type-recaptcha_v3 elementor-field-group elementor-column elementor-field-group-field_e491a35 elementor-col-100 recaptcha_v3-bottomright\">\n\t\t\t\t\t<div class=\"elementor-field\" id=\"form-field-field_e491a35\"><div class=\"elementor-g-recaptcha\" data-sitekey=\"6LdyS44bAAAAAHhlRHtGKwIibyLCojN06b8MrtsN\" data-type=\"v3\" data-action=\"Form\" data-badge=\"bottomright\" data-size=\"invisible\"><\/div><\/div>\t\t\t\t<\/div>\n\t\t\t\t\t\t\t\t<div class=\"elementor-field-type-recaptcha_v3 elementor-field-group elementor-column elementor-field-group-field_e64620c elementor-col-100 recaptcha_v3-bottomright\">\n\t\t\t\t\t<div class=\"elementor-field\" id=\"form-field-field_e64620c\"><div class=\"elementor-g-recaptcha\" data-sitekey=\"6LdyS44bAAAAAHhlRHtGKwIibyLCojN06b8MrtsN\" data-type=\"v3\" data-action=\"Form\" data-badge=\"bottomright\" data-size=\"invisible\"><\/div><\/div>\t\t\t\t<\/div>\n\t\t\t\t\t\t\t\t<div class=\"elementor-field-type-acceptance elementor-field-group elementor-column elementor-field-group-field_75ae3cf elementor-col-100 elementor-field-required\">\n\t\t\t\t\t\t\t<div class=\"elementor-field-subgroup\">\n\t\t\t<span class=\"elementor-field-option\">\n\t\t\t\t<input type=\"checkbox\" name=\"form_fields[field_75ae3cf]\" id=\"form-field-field_75ae3cf\" class=\"elementor-field elementor-size-sm  elementor-acceptance-field\" required=\"required\" aria-required=\"true\">\n\t\t\t\t<label for=\"form-field-field_75ae3cf\"><span style=\"color: #838383; font-size:14px;\">\nHe llegit i accepto la <a target=\"blank\" href=\"https:\/\/advertis.es\/ca\/politica-de-privacitat\/\" class=\"grey-input\"> Pol\u00edtica de privacitat<\/a> i la\n\n<a href=\"#link-popup\" class=\"grey-input\">informaci\u00f3 b\u00e0sica sobre protecci\u00f3 de dades. <\/a>  \n\n<\/span><\/label>\t\t\t<\/span>\n\t\t<\/div>\n\t\t\t\t\t\t<\/div>\n\t\t\t\t\t\t\t\t<div class=\"elementor-field-group elementor-column elementor-field-type-submit elementor-col-100 e-form__buttons\">\n\t\t\t\t\t<button class=\"elementor-button elementor-size-sm\" type=\"submit\">\n\t\t\t\t\t\t<span class=\"elementor-button-content-wrapper\">\n\t\t\t\t\t\t\t\t\t\t\t\t\t\t\t\t\t\t\t\t\t\t<span class=\"elementor-button-text\">ENVIAR<\/span>\n\t\t\t\t\t\t\t\t\t\t\t\t\t<\/span>\n\t\t\t\t\t<\/button>\n\t\t\t\t<\/div>\n\t\t\t<\/div>\n\t\t<\/form>\n\t\t\t\t\t\t<\/div>\n\t\t\t\t<\/div>\n\t\t<div class=\"elementor-element elementor-element-6850e579 e-con-full elementor-hidden-desktop elementor-hidden-laptop elementor-hidden-tablet_extra elementor-hidden-tablet elementor-hidden-mobile e-flex e-con e-child\" data-id=\"6850e579\" data-element_type=\"container\">\n\t\t\t\t<div class=\"elementor-element elementor-element-c9935f1 elementor-widget elementor-widget-heading\" data-id=\"c9935f1\" data-element_type=\"widget\" data-widget_type=\"heading.default\">\n\t\t\t\t<div class=\"elementor-widget-container\">\n\t\t\t\t\t<h5 class=\"elementor-heading-title elementor-size-default\">Informaci\u00f3 sobre pol\u00edtica de privadesa<\/h5>\t\t\t\t<\/div>\n\t\t\t\t<\/div>\n\t\t\t\t<div class=\"elementor-element elementor-element-68af98f3 elementor-align-left elementor-icon-list--layout-traditional elementor-list-item-link-full_width elementor-widget elementor-widget-icon-list\" data-id=\"68af98f3\" data-element_type=\"widget\" data-widget_type=\"icon-list.default\">\n\t\t\t\t<div class=\"elementor-widget-container\">\n\t\t\t\t\t\t\t<ul class=\"elementor-icon-list-items\">\n\t\t\t\t\t\t\t<li class=\"elementor-icon-list-item\">\n\t\t\t\t\t\t\t\t\t\t<span class=\"elementor-icon-list-text\"><strong>Responsable:<\/strong> ADVERTIS GLOBAL SL<\/span>\n\t\t\t\t\t\t\t\t\t<\/li>\n\t\t\t\t\t\t\t\t<li class=\"elementor-icon-list-item\">\n\t\t\t\t\t\t\t\t\t\t<span class=\"elementor-icon-list-text\"><strong>Finalitat:<\/strong> Gestionar consultes i informar de serveis i not\u00edcies.<\/span>\n\t\t\t\t\t\t\t\t\t<\/li>\n\t\t\t\t\t\t\t\t<li class=\"elementor-icon-list-item\">\n\t\t\t\t\t\t\t\t\t\t<span class=\"elementor-icon-list-text\"><strong>Destinataris<\/strong> : No se cediran dades a tercers, excepte obligaci\u00f3 legal.<\/span>\n\t\t\t\t\t\t\t\t\t<\/li>\n\t\t\t\t\t\t\t\t<li class=\"elementor-icon-list-item\">\n\t\t\t\t\t\t\t\t\t\t<span class=\"elementor-icon-list-text\"><strong>Legitimaci\u00f3:<\/strong> Consentiment de linteressat.<\/span>\n\t\t\t\t\t\t\t\t\t<\/li>\n\t\t\t\t\t\t\t\t<li class=\"elementor-icon-list-item\">\n\t\t\t\t\t\t\t\t\t\t\t<a href=\"https:\/\/advertis.es\/politica-de-privacidad\/\">\n\n\t\t\t\t\t\t\t\t\t\t\t<span class=\"elementor-icon-list-text\"><strong>Drets:<\/strong> Teniu dret a accedir, rectificar i suprimir les dades, aix\u00ed com altres drets. Per consultar com exercir els teus drets, si us plau, fes clic <span style=\"text-decoration:underline;\">aqu\u00ed<\/span> . <\/span>\n\t\t\t\t\t\t\t\t\t\t\t<\/a>\n\t\t\t\t\t\t\t\t\t<\/li>\n\t\t\t\t\t\t\t\t<li class=\"elementor-icon-list-item\">\n\t\t\t\t\t\t\t\t\t\t\t<a href=\"https:\/\/advertis.es\/politica-de-privacidad\/\">\n\n\t\t\t\t\t\t\t\t\t\t\t<span class=\"elementor-icon-list-text\"><strong>M\u00e9s informaci\u00f3:<\/strong> Per consultar la Pol\u00edtica de Privadesa, si us plau fes clic <span style=\"text-decoration:underline;\">aqu\u00ed<\/span><\/span>\n\t\t\t\t\t\t\t\t\t\t\t<\/a>\n\t\t\t\t\t\t\t\t\t<\/li>\n\t\t\t\t\t\t<\/ul>\n\t\t\t\t\t\t<\/div>\n\t\t\t\t<\/div>\n\t\t\t\t<\/div>\n\t\t\t\t<\/div>\n\t\t\t\t<\/div>\n\t\t\t\t<\/div>\n\t\t","protected":false},"excerpt":{"rendered":"<p>Vols treballar a una ag\u00e8ncia digital din\u00e0mica? Si vols treballar amb nosaltres pots deixar les teves dades al seg\u00fcent formulari. Tindrem en compte la teva candidatura per a futures posicions. Trieu l&#8217;\u00e0rea que m\u00e9s s&#8217;adapta a les vostres habilitats. La informaci\u00f3 que ens facilites ser\u00e0 tractada de forma confidencial i nom\u00e9s s&#8217;utilitzar\u00e0 per a vacants [&hellip;]<\/p>\n","protected":false},"author":1,"featured_media":0,"parent":0,"menu_order":0,"comment_status":"closed","ping_status":"closed","template":"","meta":{"_acf_changed":false,"footnotes":""},"class_list":["post-10117","page","type-page","status-publish","hentry"],"acf":[],"yoast_head":"<!-- This site is optimized with the Yoast SEO plugin v24.2 - https:\/\/yoast.com\/wordpress\/plugins\/seo\/ -->\n<title>Uneix-te amb nosaltres<\/title>\n<meta name=\"robots\" content=\"index, follow, max-snippet:-1, max-image-preview:large, max-video-preview:-1\" \/>\n<link rel=\"canonical\" href=\"https:\/\/advertis.es\/ca\/uneix-te-amb-nosaltres\/\" \/>\n<meta property=\"og:locale\" content=\"ca_ES\" \/>\n<meta property=\"og:type\" content=\"article\" \/>\n<meta property=\"og:title\" content=\"Uneix-te amb nosaltres\" \/>\n<meta property=\"og:description\" content=\"Vols treballar a una ag\u00e8ncia digital din\u00e0mica? Si vols treballar amb nosaltres pots deixar les teves dades al seg\u00fcent formulari. Tindrem en compte la teva candidatura per a futures posicions. Trieu l&#8217;\u00e0rea que m\u00e9s s&#8217;adapta a les vostres habilitats. La informaci\u00f3 que ens facilites ser\u00e0 tractada de forma confidencial i nom\u00e9s s&#8217;utilitzar\u00e0 per a vacants [&hellip;]\" \/>\n<meta property=\"og:url\" content=\"https:\/\/advertis.es\/ca\/uneix-te-amb-nosaltres\/\" \/>\n<meta property=\"og:site_name\" content=\"Advertis\" \/>\n<meta property=\"article:publisher\" content=\"https:\/\/www.facebook.com\/advertispublicidad?ref=hl\" \/>\n<meta property=\"article:modified_time\" content=\"2024-11-11T15:48:10+00:00\" \/>\n<meta name=\"twitter:card\" content=\"summary_large_image\" \/>\n<meta name=\"twitter:site\" content=\"@advertisglobal\" \/>\n<script type=\"application\/ld+json\" class=\"yoast-schema-graph\">{\"@context\":\"https:\/\/schema.org\",\"@graph\":[{\"@type\":\"WebPage\",\"@id\":\"https:\/\/advertis.es\/ca\/uneix-te-amb-nosaltres\/\",\"url\":\"https:\/\/advertis.es\/ca\/uneix-te-amb-nosaltres\/\",\"name\":\"Uneix-te amb nosaltres\",\"isPartOf\":{\"@id\":\"https:\/\/advertis.es\/ca\/#website\"},\"datePublished\":\"2024-10-15T13:49:05+00:00\",\"dateModified\":\"2024-11-11T15:48:10+00:00\",\"breadcrumb\":{\"@id\":\"https:\/\/advertis.es\/ca\/uneix-te-amb-nosaltres\/#breadcrumb\"},\"inLanguage\":\"ca\",\"potentialAction\":[{\"@type\":\"ReadAction\",\"target\":[\"https:\/\/advertis.es\/ca\/uneix-te-amb-nosaltres\/\"]}]},{\"@type\":\"BreadcrumbList\",\"@id\":\"https:\/\/advertis.es\/ca\/uneix-te-amb-nosaltres\/#breadcrumb\",\"itemListElement\":[{\"@type\":\"ListItem\",\"position\":1,\"name\":\"Portada\",\"item\":\"https:\/\/advertis.es\/ca\/\"},{\"@type\":\"ListItem\",\"position\":2,\"name\":\"Uneix-te amb nosaltres\"}]},{\"@type\":\"WebSite\",\"@id\":\"https:\/\/advertis.es\/ca\/#website\",\"url\":\"https:\/\/advertis.es\/ca\/\",\"name\":\"Advertis\",\"description\":\"\",\"publisher\":{\"@id\":\"https:\/\/advertis.es\/ca\/#organization\"},\"potentialAction\":[{\"@type\":\"SearchAction\",\"target\":{\"@type\":\"EntryPoint\",\"urlTemplate\":\"https:\/\/advertis.es\/ca\/?s={search_term_string}\"},\"query-input\":{\"@type\":\"PropertyValueSpecification\",\"valueRequired\":true,\"valueName\":\"search_term_string\"}}],\"inLanguage\":\"ca\"},{\"@type\":\"Organization\",\"@id\":\"https:\/\/advertis.es\/ca\/#organization\",\"name\":\"Advertis Global SL\",\"alternateName\":\"Advertis\",\"url\":\"https:\/\/advertis.es\/ca\/\",\"logo\":{\"@type\":\"ImageObject\",\"inLanguage\":\"ca\",\"@id\":\"https:\/\/advertis.es\/ca\/#\/schema\/logo\/image\/\",\"url\":\"https:\/\/advertis.es\/wp-content\/uploads\/Group-9.svg\",\"contentUrl\":\"https:\/\/advertis.es\/wp-content\/uploads\/Group-9.svg\",\"width\":300,\"height\":44,\"caption\":\"Advertis Global SL\"},\"image\":{\"@id\":\"https:\/\/advertis.es\/ca\/#\/schema\/logo\/image\/\"},\"sameAs\":[\"https:\/\/www.facebook.com\/advertispublicidad?ref=hl\",\"https:\/\/x.com\/advertisglobal\",\"https:\/\/www.linkedin.com\/company\/advertis\"]}]}<\/script>\n<!-- \/ Yoast SEO plugin. -->","yoast_head_json":{"title":"Uneix-te amb nosaltres","robots":{"index":"index","follow":"follow","max-snippet":"max-snippet:-1","max-image-preview":"max-image-preview:large","max-video-preview":"max-video-preview:-1"},"canonical":"https:\/\/advertis.es\/ca\/uneix-te-amb-nosaltres\/","og_locale":"ca_ES","og_type":"article","og_title":"Uneix-te amb nosaltres","og_description":"Vols treballar a una ag\u00e8ncia digital din\u00e0mica? Si vols treballar amb nosaltres pots deixar les teves dades al seg\u00fcent formulari. Tindrem en compte la teva candidatura per a futures posicions. Trieu l&#8217;\u00e0rea que m\u00e9s s&#8217;adapta a les vostres habilitats. La informaci\u00f3 que ens facilites ser\u00e0 tractada de forma confidencial i nom\u00e9s s&#8217;utilitzar\u00e0 per a vacants [&hellip;]","og_url":"https:\/\/advertis.es\/ca\/uneix-te-amb-nosaltres\/","og_site_name":"Advertis","article_publisher":"https:\/\/www.facebook.com\/advertispublicidad?ref=hl","article_modified_time":"2024-11-11T15:48:10+00:00","twitter_card":"summary_large_image","twitter_site":"@advertisglobal","schema":{"@context":"https:\/\/schema.org","@graph":[{"@type":"WebPage","@id":"https:\/\/advertis.es\/ca\/uneix-te-amb-nosaltres\/","url":"https:\/\/advertis.es\/ca\/uneix-te-amb-nosaltres\/","name":"Uneix-te amb nosaltres","isPartOf":{"@id":"https:\/\/advertis.es\/ca\/#website"},"datePublished":"2024-10-15T13:49:05+00:00","dateModified":"2024-11-11T15:48:10+00:00","breadcrumb":{"@id":"https:\/\/advertis.es\/ca\/uneix-te-amb-nosaltres\/#breadcrumb"},"inLanguage":"ca","potentialAction":[{"@type":"ReadAction","target":["https:\/\/advertis.es\/ca\/uneix-te-amb-nosaltres\/"]}]},{"@type":"BreadcrumbList","@id":"https:\/\/advertis.es\/ca\/uneix-te-amb-nosaltres\/#breadcrumb","itemListElement":[{"@type":"ListItem","position":1,"name":"Portada","item":"https:\/\/advertis.es\/ca\/"},{"@type":"ListItem","position":2,"name":"Uneix-te amb nosaltres"}]},{"@type":"WebSite","@id":"https:\/\/advertis.es\/ca\/#website","url":"https:\/\/advertis.es\/ca\/","name":"Advertis","description":"","publisher":{"@id":"https:\/\/advertis.es\/ca\/#organization"},"potentialAction":[{"@type":"SearchAction","target":{"@type":"EntryPoint","urlTemplate":"https:\/\/advertis.es\/ca\/?s={search_term_string}"},"query-input":{"@type":"PropertyValueSpecification","valueRequired":true,"valueName":"search_term_string"}}],"inLanguage":"ca"},{"@type":"Organization","@id":"https:\/\/advertis.es\/ca\/#organization","name":"Advertis Global SL","alternateName":"Advertis","url":"https:\/\/advertis.es\/ca\/","logo":{"@type":"ImageObject","inLanguage":"ca","@id":"https:\/\/advertis.es\/ca\/#\/schema\/logo\/image\/","url":"https:\/\/advertis.es\/wp-content\/uploads\/Group-9.svg","contentUrl":"https:\/\/advertis.es\/wp-content\/uploads\/Group-9.svg","width":300,"height":44,"caption":"Advertis Global SL"},"image":{"@id":"https:\/\/advertis.es\/ca\/#\/schema\/logo\/image\/"},"sameAs":["https:\/\/www.facebook.com\/advertispublicidad?ref=hl","https:\/\/x.com\/advertisglobal","https:\/\/www.linkedin.com\/company\/advertis"]}]}},"_links":{"self":[{"href":"https:\/\/advertis.es\/ca\/wp-json\/wp\/v2\/pages\/10117","targetHints":{"allow":["GET"]}}],"collection":[{"href":"https:\/\/advertis.es\/ca\/wp-json\/wp\/v2\/pages"}],"about":[{"href":"https:\/\/advertis.es\/ca\/wp-json\/wp\/v2\/types\/page"}],"author":[{"embeddable":true,"href":"https:\/\/advertis.es\/ca\/wp-json\/wp\/v2\/users\/1"}],"replies":[{"embeddable":true,"href":"https:\/\/advertis.es\/ca\/wp-json\/wp\/v2\/comments?post=10117"}],"version-history":[{"count":3,"href":"https:\/\/advertis.es\/ca\/wp-json\/wp\/v2\/pages\/10117\/revisions"}],"predecessor-version":[{"id":11218,"href":"https:\/\/advertis.es\/ca\/wp-json\/wp\/v2\/pages\/10117\/revisions\/11218"}],"wp:attachment":[{"href":"https:\/\/advertis.es\/ca\/wp-json\/wp\/v2\/media?parent=10117"}],"curies":[{"name":"wp","href":"https:\/\/api.w.org\/{rel}","templated":true}]}}